{"id":10,"date":"2015-11-04T10:07:14","date_gmt":"2015-11-04T09:07:14","guid":{"rendered":"https:\/\/ripz.ch\/?page_id=10"},"modified":"2020-09-24T20:17:48","modified_gmt":"2020-09-24T18:17:48","slug":"proposal","status":"publish","type":"page","link":"https:\/\/ripz.ch\/de\/proposal\/","title":{"rendered":"Angebot holen"},"content":{"rendered":"<p>Bitte lassen Sie uns wissen, wie wir Ihnen beim Rippen Ihrer CDs helfen k\u00f6nnen. Senden Sie uns eine E-Mail an sales {at} ripz.ch und f\u00fcgen Sie hinzu:<\/p>\n<ul>\n<li>Ihren Namen, die Telefonnummer und Ihre E-Mail-Adresse<\/li>\n<li>Anzahl Ihrer CDs zum Rippen<\/li>\n<li>Gew\u00fcnschtes Datenformat (z. B. MP3 320K)<\/li>\n<\/ul>\n<p>Wir werden uns so schnell wie m\u00f6glich bei Ihnen melden.<\/p>\n<p>Vielen Dank!<\/p>","protected":false},"excerpt":{"rendered":"<p>Bitte lassen Sie uns wissen, wie wir Ihnen beim Rippen Ihrer CDs helfen k\u00f6nnen. Senden Sie uns eine E-Mail an sales {at} ripz.ch und f\u00fcgen Sie hinzu: Ihren Namen, die Telefonnummer und Ihre E-Mail-Adresse Anzahl Ihrer CDs zum Rippen Gew\u00fcnschtes Datenformat (z. B. MP3 320K) Wir werden uns so schnell wie m\u00f6glich bei Ihnen melden. [&hellip;]<\/p>\n","protected":false},"author":2,"featured_media":0,"parent":0,"menu_order":0,"comment_status":"closed","ping_status":"closed","template":"","meta":{"footnotes":""},"class_list":["post-10","page","type-page","status-publish","hentry"],"jetpack_shortlink":"https:\/\/wp.me\/P9YpGp-a","jetpack_sharing_enabled":true,"_links":{"self":[{"href":"https:\/\/ripz.ch\/de\/wp-json\/wp\/v2\/pages\/10","targetHints":{"allow":["GET"]}}],"collection":[{"href":"https:\/\/ripz.ch\/de\/wp-json\/wp\/v2\/pages"}],"about":[{"href":"https:\/\/ripz.ch\/de\/wp-json\/wp\/v2\/types\/page"}],"author":[{"embeddable":true,"href":"https:\/\/ripz.ch\/de\/wp-json\/wp\/v2\/users\/2"}],"replies":[{"embeddable":true,"href":"https:\/\/ripz.ch\/de\/wp-json\/wp\/v2\/comments?post=10"}],"version-history":[{"count":13,"href":"https:\/\/ripz.ch\/de\/wp-json\/wp\/v2\/pages\/10\/revisions"}],"predecessor-version":[{"id":115,"href":"https:\/\/ripz.ch\/de\/wp-json\/wp\/v2\/pages\/10\/revisions\/115"}],"wp:attachment":[{"href":"https:\/\/ripz.ch\/de\/wp-json\/wp\/v2\/media?parent=10"}],"curies":[{"name":"wp","href":"https:\/\/api.w.org\/{rel}","templated":true}]}}